{"id":6693,"date":"2016-10-31T14:42:16","date_gmt":"2016-10-31T14:42:16","guid":{"rendered":"http:\/\/naturoplex.com\/es\/porucivanje-iz-inostranstva\/"},"modified":"2018-12-26T08:42:11","modified_gmt":"2018-12-26T08:42:11","slug":"ordene","status":"publish","type":"page","link":"https:\/\/novi.naturoplex.com\/es\/ordene\/","title":{"rendered":"Ordene"},"content":{"rendered":"<p>[vc_row row_type=\u00bbrow\u00bb use_row_as_full_screen_section=\u00bbno\u00bb type=\u00bbfull_width\u00bb text_align=\u00bbleft\u00bb css_animation=\u00bb\u00bb box_shadow_on_row=\u00bbno\u00bb][vc_column offset=\u00bbvc_hidden-lg vc_hidden-md vc_hidden-sm vc_hidden-xs\u00bb][vc_column_text]<\/p>\n<div class=\"col-md-12\" style=\"margin-top: 30px; margin-bottom: 40px;\">\n<div class=\"nema-na-stanju\" style=\"background: #ff9999; width: 80%; margin: 0 auto; border: 3px dashed #333; border-radius: 50px; padding: 10px 15px 0 15px;\">\n<h3 class=\"section-title\" style=\"line-height: 80px; text-align: center;\">TEMPORALMENTE AGOTADO<\/h3>\n<\/div>\n<\/div>\n<p>[\/vc_column_text][\/vc_column][\/vc_row][vc_row row_type=\u00bbrow\u00bb use_row_as_full_screen_section=\u00bbno\u00bb type=\u00bbfull_width\u00bb text_align=\u00bbleft\u00bb css_animation=\u00bb\u00bb box_shadow_on_row=\u00bbno\u00bb][vc_column][vc_column_text]<\/p>\n<h2>Ordene\u00a0Naturoplex<\/h2>\n<p>Para nuestros usuarios en todo el mundo, a trav\u00e9s de esta p\u00e1gina se pueden ordenar los\u00a0paquetes Naturoplex.<\/p>\n<p>Por su seguridad, usamos PayPal como medio de pago.<\/p>\n<p>A continuaci\u00f3n podr\u00e1 seleccionar el\u00a0paquete de su preferencia: Naturoplex o Naturoplex Ar\u00e1ndano.<\/p>\n<h3>\u00a1Seleccione un paquete y haga clic en el bot\u00f3n PAYPAL!<\/h3>\n<p>[\/vc_column_text][\/vc_column][\/vc_row][vc_row row_type=\u00bbrow\u00bb use_row_as_full_screen_section=\u00bbno\u00bb type=\u00bbfull_width\u00bb text_align=\u00bbleft\u00bb css_animation=\u00bb\u00bb box_shadow_on_row=\u00bbno\u00bb][vc_column][vc_empty_space height=\u00bb20px\u00bb image_repeat=\u00bbno-repeat\u00bb][\/vc_column][\/vc_row][vc_row row_type=\u00bbrow\u00bb use_row_as_full_screen_section=\u00bbno\u00bb type=\u00bbfull_width\u00bb text_align=\u00bbleft\u00bb css_animation=\u00bb\u00bb box_shadow_on_row=\u00bbno\u00bb][vc_column width=\u00bb1\/3&#8243;][vc_column_text]<\/p>\n<p style=\"text-align: center;\"><em><strong>Paquete Naturoplex<\/strong><\/em><\/p>\n<p style=\"text-align: center;\">4 x cajas de Naturoplex tabletas<\/p>\n<p style=\"text-align: center;\"><span style=\"color: #339966;\"><strong>29.99 EUR<\/strong><\/span><\/p>\n<p>[\/vc_column_text][\/vc_column][vc_column width=\u00bb1\/3&#8243;][vc_column_text]<\/p>\n<p style=\"text-align: center;\"><em><strong>Paquete Naturoplex Ar\u00e1ndano<\/strong><\/em><\/p>\n<p style=\"text-align: center;\">4 x de cajas Naturoplex Ar\u00e1ndano<\/p>\n<p style=\"text-align: center;\"><span style=\"color: #339966;\"><strong>26.99 EUR<\/strong><\/span><\/p>\n<p>[\/vc_column_text][\/vc_column][vc_column width=\u00bb1\/3&#8243;][vc_column_text]<\/p>\n<p style=\"text-align: center;\"><em><strong>Paquete Naturoplex mix<\/strong><\/em><\/p>\n<p style=\"text-align: center;\">2 x cajas de Naturoplex tabletas<br \/>\n2 x cajas de Naturoplex Ar\u00e1ndano<\/p>\n<p style=\"text-align: center;\"><span style=\"color: #339966;\"><strong>27.99 EUR<\/strong><\/span><\/p>\n<p>[\/vc_column_text][\/vc_column][\/vc_row][vc_row row_type=\u00bbrow\u00bb use_row_as_full_screen_section=\u00bbno\u00bb type=\u00bbfull_width\u00bb text_align=\u00bbleft\u00bb css_animation=\u00bb\u00bb box_shadow_on_row=\u00bbno\u00bb][vc_column][vc_empty_space height=\u00bb100px\u00bb image_repeat=\u00bbno-repeat\u00bb][\/vc_column][\/vc_row][vc_row row_type=\u00bbrow\u00bb use_row_as_full_screen_section=\u00bbno\u00bb type=\u00bbfull_width\u00bb text_align=\u00bbleft\u00bb css_animation=\u00bb\u00bb box_shadow_on_row=\u00bbno\u00bb][vc_column width=\u00bb1\/3&#8243;][vc_raw_html]JTNDZm9ybSUyMHN0eWxlJTNEJTIyaGVpZ2h0JTNBJTIwMTAwcHglM0IlMjIlMjBhY3Rpb24lM0QlMjJodHRwcyUzQSUyRiUyRnd3dy5wYXlwYWwuY29tJTJGY2dpLWJpbiUyRndlYnNjciUyMiUyMG1ldGhvZCUzRCUyMnBvc3QlMjIlMjB0YXJnZXQlM0QlMjJwYXlwYWwlMjIlM0UlM0NpbnB1dCUyMG5hbWUlM0QlMjJidXNpbmVzcyUyMiUyMHR5cGUlM0QlMjJoaWRkZW4lMjIlMjB2YWx1ZSUzRCUyMml2YW4ubWlsamFuaWMlNDBwcm90b24ucnMlMjIlMjAlMkYlM0UlMEElM0NpbnB1dCUyMG5hbWUlM0QlMjJjbWQlMjIlMjB0eXBlJTNEJTIyaGlkZGVuJTIyJTIwdmFsdWUlM0QlMjJfY2FydCUyMiUyMCUyRiUzRSUwQSUzQ2lucHV0JTIwbmFtZSUzRCUyMmFkZCUyMiUyMHR5cGUlM0QlMjJoaWRkZW4lMjIlMjB2YWx1ZSUzRCUyMjElMjIlMjAlMkYlM0UlMEElM0NpbnB1dCUyMG5hbWUlM0QlMjJpdGVtX25hbWUlMjIlMjB0eXBlJTNEJTIyaGlkZGVuJTIyJTIwdmFsdWUlM0QlMjJOYXRVUk9wbGV4JTIwdGFibGV0YXMlMjAtJTIwNCUyMGNhamFzJTIyJTIwJTJGJTNFJTBBJTNDaW5wdXQlMjBuYW1lJTNEJTIyYW1vdW50JTIyJTIwdHlwZSUzRCUyMmhpZGRlbiUyMiUyMHZhbHVlJTNEJTIyMjkuOTklMjIlMjAlMkYlM0UlMEElM0NpbnB1dCUyMG5hbWUlM0QlMjJjdXJyZW5jeV9jb2RlJTIyJTIwdHlwZSUzRCUyMmhpZGRlbiUyMiUyMHZhbHVlJTNEJTIyRVVSJTIyJTIwJTJGJTNFJTBBJTNDaW5wdXQlMjBjbGFzcyUzRCUyMmFsaWducmlnaHQlMjIlMjBzdHlsZSUzRCUyMmJvcmRlciUzQSUyMDBweCUzQiUyMG1hcmdpbiUzQSUyMDBweCUzQiUyMG1hcmdpbi10b3AlM0ElMjAtMTIwcHglM0IlMjIlMjBhbHQlM0QlMjJQYXlQYWwlMjAtJTIwVGhlJTIwc2FmZXIlMkMlMjBlYXNpZXIlMjB3YXklMjB0byUyMHBheSUyMG9ubGluZSUyMiUyMG5hbWUlM0QlMjJzdWJtaXQlMjIlMjBzcmMlM0QlMjJodHRwJTNBJTJGJTJGbmF0dXJvcGxleC5jb20lMkZ3cC1jb250ZW50JTJGdXBsb2FkcyUyRjIwMTYlMkYxMSUyRklOTy00a3V0aWplLU5hdHVyb3BsZXgtdGFibGV0ZS1FUy5wbmclMjIlMjB0eXBlJTNEJTIyaW1hZ2UlMjIlMjAlMkYlM0UlMEElM0NpbnB1dCUyMHR5cGUlM0QlMjJoaWRkZW4lMjIlMjBuYW1lJTNEJTIyc2hpcHBpbmclMjIlMjB2YWx1ZSUzRCUyMjkuODclMjIlM0UlMEElM0NpbnB1dCUyMHR5cGUlM0QlMjJoaWRkZW4lMjIlMjBuYW1lJTNEJTIyc2hpcHBpbmcyJTIyJTIwdmFsdWUlM0QlMjI5Ljg3JTIyJTNFJTBBJTNDaW1nJTIwc3JjJTNEJTIyaHR0cHMlM0ElMkYlMkZ3d3cucGF5cGFsLmNvbSUyRmVuX1VTJTJGaSUyRnNjciUyRnBpeGVsLmdpZiUyMiUyMGFsdCUzRCUyMiUyMiUyMHdpZHRoJTNEJTIyMSUyMiUyMGhlaWdodCUzRCUyMjElMjIlMjBib3JkZXIlM0QlMjIwJTIyJTIwJTJGJTNFJTNDJTJGZm9ybSUzRQ==[\/vc_raw_html][\/vc_column][vc_column width=\u00bb1\/3&#8243;][vc_raw_html]JTNDZm9ybSUyMHN0eWxlJTNEJTIyaGVpZ2h0JTNBJTIwMTAwcHglM0IlMjIlMjBhY3Rpb24lM0QlMjJodHRwcyUzQSUyRiUyRnd3dy5wYXlwYWwuY29tJTJGY2dpLWJpbiUyRndlYnNjciUyMiUyMG1ldGhvZCUzRCUyMnBvc3QlMjIlMjB0YXJnZXQlM0QlMjJwYXlwYWwlMjIlM0UlM0NpbnB1dCUyMG5hbWUlM0QlMjJidXNpbmVzcyUyMiUyMHR5cGUlM0QlMjJoaWRkZW4lMjIlMjB2YWx1ZSUzRCUyMml2YW4ubWlsamFuaWMlNDBwcm90b24ucnMlMjIlMjAlMkYlM0UlMEElM0NpbnB1dCUyMG5hbWUlM0QlMjJjbWQlMjIlMjB0eXBlJTNEJTIyaGlkZGVuJTIyJTIwdmFsdWUlM0QlMjJfY2FydCUyMiUyMCUyRiUzRSUwQSUzQ2lucHV0JTIwbmFtZSUzRCUyMmFkZCUyMiUyMHR5cGUlM0QlMjJoaWRkZW4lMjIlMjB2YWx1ZSUzRCUyMjElMjIlMjAlMkYlM0UlMEElM0NpbnB1dCUyMG5hbWUlM0QlMjJpdGVtX25hbWUlMjIlMjB0eXBlJTNEJTIyaGlkZGVuJTIyJTIwdmFsdWUlM0QlMjJOYXRVUk9wbGV4JTIwQXIlQzMlQTFuZGFubyUyMGMlQzMlQTFwc3VsYXMlMjAtJTIwNCUyMGNhamFzJTIyJTIwJTJGJTNFJTBBJTNDaW5wdXQlMjBuYW1lJTNEJTIyYW1vdW50JTIyJTIwdHlwZSUzRCUyMmhpZGRlbiUyMiUyMHZhbHVlJTNEJTIyMjYuOTklMjIlMjAlMkYlM0UlMEElM0NpbnB1dCUyMG5hbWUlM0QlMjJjdXJyZW5jeV9jb2RlJTIyJTIwdHlwZSUzRCUyMmhpZGRlbiUyMiUyMHZhbHVlJTNEJTIyRVVSJTIyJTIwJTJGJTNFJTBBJTNDaW5wdXQlMjBjbGFzcyUzRCUyMmFsaWducmlnaHQlMjIlMjBzdHlsZSUzRCUyMmJvcmRlciUzQSUyMDBweCUzQiUyMG1hcmdpbiUzQSUyMDBweCUzQiUyMG1hcmdpbi10b3AlM0ElMjAtMTIwcHglM0IlMjIlMjBhbHQlM0QlMjJQYXlQYWwlMjAtJTIwVGhlJTIwc2FmZXIlMkMlMjBlYXNpZXIlMjB3YXklMjB0byUyMHBheSUyMG9ubGluZSUyMiUyMG5hbWUlM0QlMjJzdWJtaXQlMjIlMjBzcmMlM0QlMjJodHRwJTNBJTJGJTJGbmF0dXJvcGxleC5jb20lMkZ3cC1jb250ZW50JTJGdXBsb2FkcyUyRjIwMTYlMkYxMSUyRklOTy00a3V0aWplLU5hdHVyb3BsZXgta2Fwc3VsZS1FUy5wbmclMjIlMjB0eXBlJTNEJTIyaW1hZ2UlMjIlMjAlMkYlM0UlMEElM0NpbnB1dCUyMHR5cGUlM0QlMjJoaWRkZW4lMjIlMjBuYW1lJTNEJTIyc2hpcHBpbmclMjIlMjB2YWx1ZSUzRCUyMjkuODclMjIlM0UlMEElM0NpbnB1dCUyMHR5cGUlM0QlMjJoaWRkZW4lMjIlMjBuYW1lJTNEJTIyc2hpcHBpbmcyJTIyJTIwdmFsdWUlM0QlMjI5Ljg3JTIyJTNFJTBBJTNDaW1nJTIwc3JjJTNEJTIyaHR0cHMlM0ElMkYlMkZ3d3cucGF5cGFsLmNvbSUyRmVuX1VTJTJGaSUyRnNjciUyRnBpeGVsLmdpZiUyMiUyMGFsdCUzRCUyMiUyMiUyMHdpZHRoJTNEJTIyMSUyMiUyMGhlaWdodCUzRCUyMjElMjIlMjBib3JkZXIlM0QlMjIwJTIyJTIwJTJGJTNFJTNDJTJGZm9ybSUzRQ==[\/vc_raw_html][\/vc_column][vc_column width=\u00bb1\/3&#8243;][vc_raw_html]JTNDZm9ybSUyMHN0eWxlJTNEJTIyaGVpZ2h0JTNBJTIwMTAwcHglM0IlMjIlMjBhY3Rpb24lM0QlMjJodHRwcyUzQSUyRiUyRnd3dy5wYXlwYWwuY29tJTJGY2dpLWJpbiUyRndlYnNjciUyMiUyMG1ldGhvZCUzRCUyMnBvc3QlMjIlMjB0YXJnZXQlM0QlMjJwYXlwYWwlMjIlM0UlM0NpbnB1dCUyMG5hbWUlM0QlMjJidXNpbmVzcyUyMiUyMHR5cGUlM0QlMjJoaWRkZW4lMjIlMjB2YWx1ZSUzRCUyMml2YW4ubWlsamFuaWMlNDBwcm90b24ucnMlMjIlMjAlMkYlM0UlMEElM0NpbnB1dCUyMG5hbWUlM0QlMjJjbWQlMjIlMjB0eXBlJTNEJTIyaGlkZGVuJTIyJTIwdmFsdWUlM0QlMjJfY2FydCUyMiUyMCUyRiUzRSUwQSUzQ2lucHV0JTIwbmFtZSUzRCUyMmFkZCUyMiUyMHR5cGUlM0QlMjJoaWRkZW4lMjIlMjB2YWx1ZSUzRCUyMjElMjIlMjAlMkYlM0UlMEElM0NpbnB1dCUyMG5hbWUlM0QlMjJpdGVtX25hbWUlMjIlMjB0eXBlJTNEJTIyaGlkZGVuJTIyJTIwdmFsdWUlM0QlMjJOYXRVUk9wbGV4JTIwTWl4JTIwUGFxdWV0ZSUyMC0lMjA0JTIwY2FqYXMlMjIlMjAlMkYlM0UlMEElM0NpbnB1dCUyMG5hbWUlM0QlMjJhbW91bnQlMjIlMjB0eXBlJTNEJTIyaGlkZGVuJTIyJTIwdmFsdWUlM0QlMjIyNy45OSUyMiUyMCUyRiUzRSUwQSUzQ2lucHV0JTIwbmFtZSUzRCUyMmN1cnJlbmN5X2NvZGUlMjIlMjB0eXBlJTNEJTIyaGlkZGVuJTIyJTIwdmFsdWUlM0QlMjJFVVIlMjIlMjAlMkYlM0UlMEElM0NpbnB1dCUyMGNsYXNzJTNEJTIyYWxpZ25yaWdodCUyMiUyMHN0eWxlJTNEJTIyYm9yZGVyJTNBJTIwMHB4JTNCJTIwbWFyZ2luJTNBJTIwMHB4JTNCJTIwbWFyZ2luLXRvcCUzQSUyMC0xMjBweCUzQiUyMiUyMGFsdCUzRCUyMlBheVBhbCUyMC0lMjBUaGUlMjBzYWZlciUyQyUyMGVhc2llciUyMHdheSUyMHRvJTIwcGF5JTIwb25saW5lJTIyJTIwbmFtZSUzRCUyMnN1Ym1pdCUyMiUyMHNyYyUzRCUyMmh0dHAlM0ElMkYlMkZuYXR1cm9wbGV4LmNvbSUyRndwLWNvbnRlbnQlMkZ1cGxvYWRzJTJGMjAxNiUyRjExJTJGSU5PLTRrdXRpamUtTmF0dXJvcGxleC10YWJsZXRlLU1peC1FUy5wbmclMjIlMjB0eXBlJTNEJTIyaW1hZ2UlMjIlMjAlMkYlM0UlMEElM0NpbnB1dCUyMHR5cGUlM0QlMjJoaWRkZW4lMjIlMjBuYW1lJTNEJTIyc2hpcHBpbmclMjIlMjB2YWx1ZSUzRCUyMjkuODclMjIlM0UlMEElM0NpbnB1dCUyMHR5cGUlM0QlMjJoaWRkZW4lMjIlMjBuYW1lJTNEJTIyc2hpcHBpbmcyJTIyJTIwdmFsdWUlM0QlMjI5Ljg3JTIyJTNFJTBBJTNDaW1nJTIwc3JjJTNEJTIyaHR0cHMlM0ElMkYlMkZ3d3cucGF5cGFsLmNvbSUyRmVuX1VTJTJGaSUyRnNjciUyRnBpeGVsLmdpZiUyMiUyMGFsdCUzRCUyMiUyMiUyMHdpZHRoJTNEJTIyMSUyMiUyMGhlaWdodCUzRCUyMjElMjIlMjBib3JkZXIlM0QlMjIwJTIyJTIwJTJGJTNFJTNDJTJGZm9ybSUzRQ==[\/vc_raw_html][\/vc_column][\/vc_row][vc_row row_type=\u00bbrow\u00bb use_row_as_full_screen_section=\u00bbno\u00bb type=\u00bbfull_width\u00bb text_align=\u00bbleft\u00bb css_animation=\u00bb\u00bb box_shadow_on_row=\u00bbno\u00bb][vc_column][vc_empty_space height=\u00bb50px\u00bb image_repeat=\u00bbno-repeat\u00bb][\/vc_column][\/vc_row][vc_row row_type=\u00bbrow\u00bb use_row_as_full_screen_section=\u00bbno\u00bb type=\u00bbfull_width\u00bb text_align=\u00bbleft\u00bb css_animation=\u00bb\u00bb box_shadow_on_row=\u00bbno\u00bb][vc_column][vc_column_text]<\/p>\n<ul>\n<li style=\"list-style-type: none;\">\n<ul>\n<li>Todos los pedidos intenacionales deben ser pagados antes de enviar el paquete.<\/li>\n<li>Nosotros estaremos en contacto con usted hasta que reciba el paquete. Y si el paquete no se entrega debido a alg\u00fan inconveniente, el importe del paquete ser\u00e1 reembolsado o tendr\u00e1 la opci\u00f3n de<br \/>\nescoger un reenv\u00edo.<\/li>\n<li>Los env\u00edos los realizamos desde nuestro centro de distribuci\u00f3n localizado en Zagreb, Croacia o Belgrado, Serbia.<\/li>\n<li>El tiempo estimado de entrega en Europa es de entre 5 a 10 d\u00edas laborales.<\/li>\n<li>El tiempo estimado de entrega para Am\u00e9rica y el resto del mundo es de entre 15 a 20 d\u00edas laborales.<\/li>\n<li>Los tiempos de entrega son aproximados ya que dependen completamente de los servicios postales y su carga de trabajo.<\/li>\n<\/ul>\n<\/li>\n<\/ul>\n<p>*En algunos casos, los servicios aduaneros pueden llegar a cobrar impuestos para la liberaci\u00f3n y entrega de los productos. Esto depende de las pol\u00edticas de cada pa\u00eds. No nos hacemos responsables por los cargos derivados de estas pol\u00edticas.[\/vc_column_text][\/vc_column][\/vc_row][vc_row row_type=\u00bbrow\u00bb use_row_as_full_screen_section=\u00bbno\u00bb type=\u00bbfull_width\u00bb text_align=\u00bbleft\u00bb css_animation=\u00bb\u00bb box_shadow_on_row=\u00bbno\u00bb][vc_column][vc_empty_space height=\u00bb30px\u00bb image_repeat=\u00bbno-repeat\u00bb][\/vc_column][\/vc_row]<\/p>\n","protected":false},"excerpt":{"rendered":"<p>[vc_row row_type=\u00bbrow\u00bb use_row_as_full_screen_section=\u00bbno\u00bb type=\u00bbfull_width\u00bb text_align=\u00bbleft\u00bb css_animation=\u00bb\u00bb box_shadow_on_row=\u00bbno\u00bb][vc_column offset=\u00bbvc_hidden-lg vc_hidden-md vc_hidden-sm vc_hidden-xs\u00bb][vc_column_text] TEMPORALMENTE AGOTADO [\/vc_column_text][\/vc_column][\/vc_row][vc_row row_type=\u00bbrow\u00bb use_row_as_full_screen_section=\u00bbno\u00bb type=\u00bbfull_width\u00bb text_align=\u00bbleft\u00bb css_animation=\u00bb\u00bb box_shadow_on_row=\u00bbno\u00bb][vc_column][vc_column_text] Ordene\u00a0Naturoplex Para nuestros usuarios en todo el mundo, a trav\u00e9s de esta p\u00e1gina se pueden ordenar los\u00a0paquetes Naturoplex. Por su seguridad, usamos PayPal como medio&#8230;<\/p>\n","protected":false},"author":1,"featured_media":0,"parent":0,"menu_order":0,"comment_status":"closed","ping_status":"closed","template":"","meta":[],"aioseo_notices":[],"_links":{"self":[{"href":"https:\/\/novi.naturoplex.com\/es\/wp-json\/wp\/v2\/pages\/6693"}],"collection":[{"href":"https:\/\/novi.naturoplex.com\/es\/wp-json\/wp\/v2\/pages"}],"about":[{"href":"https:\/\/novi.naturoplex.com\/es\/wp-json\/wp\/v2\/types\/page"}],"author":[{"embeddable":true,"href":"https:\/\/novi.naturoplex.com\/es\/wp-json\/wp\/v2\/users\/1"}],"replies":[{"embeddable":true,"href":"https:\/\/novi.naturoplex.com\/es\/wp-json\/wp\/v2\/comments?post=6693"}],"version-history":[{"count":15,"href":"https:\/\/novi.naturoplex.com\/es\/wp-json\/wp\/v2\/pages\/6693\/revisions"}],"predecessor-version":[{"id":7516,"href":"https:\/\/novi.naturoplex.com\/es\/wp-json\/wp\/v2\/pages\/6693\/revisions\/7516"}],"wp:attachment":[{"href":"https:\/\/novi.naturoplex.com\/es\/wp-json\/wp\/v2\/media?parent=6693"}],"curies":[{"name":"wp","href":"https:\/\/api.w.org\/{rel}","templated":true}]}}