{"id":6591,"date":"2016-07-15T13:09:44","date_gmt":"2016-07-15T13:09:44","guid":{"rendered":"http:\/\/naturoplex.com\/iskustva-korisnika\/?lang=es"},"modified":"2016-10-27T16:10:26","modified_gmt":"2016-10-27T16:10:26","slug":"testimonios","status":"publish","type":"page","link":"https:\/\/novi.naturoplex.com\/es\/testimonios\/","title":{"rendered":"Testimonios"},"content":{"rendered":"<p>[vc_row row_type=\u00bbrow\u00bb use_row_as_full_screen_section=\u00bbno\u00bb type=\u00bbfull_width\u00bb text_align=\u00bbleft\u00bb css_animation=\u00bb\u00bb box_shadow_on_row=\u00bbno\u00bb][vc_column][vc_separator type=\u00bbtransparent\u00bb thickness=\u00bb10&#8243; up_style=\u00bbpx\u00bb down_style=\u00bbpx\u00bb]<div class='testimonials_holder clearfix'><div class=\"testimonials testimonials_carousel  with_arrows image_left show_images\" data-show-navigation=\"no\" data-show-navigation-arrows=\"yes\" data-animation-speed=\"\" data-auto-rotate-slides=\"0\"><ul class=\"slides\"><li id=\"testimonials6607\" class=\"testimonial_content left_align \"><div class = \"testimonial_image_left_holder\" ><div class=\"testimonial_content_inner\"><div class=\"testimonial_text_holder left_align\"><div class=\"testimonial_text_inner\"><p class=\"testimonial_title\" style=\"\"><\/p><span class=\"testimonial_separator\" style=\"\"><\/span><p class=\"testimonial_text\">Tuvo frecuentes infecciones en el tracto urinario despu\u00e9s de una fractura en la pierna. Pasado su tratamiento, se le diagnosticaron dos enormes piedras en la vejiga. Despu\u00e9s de haber sufrido inflamaci\u00f3n en la pr\u00f3stata que requiere tratamiento quir\u00fargico, sus cultivos de orina siempre fueron positivos. Despu\u00e9s de la ingesta de la preparaci\u00f3n Naturoplex\u00ae, las infecciones pararon y nunca emergieron de nuevo.<\/p><p class=\"testimonial_author\" style=\"\">- Hombre, <span class=\"testimonials_job\" style=\"\">jubilado<\/span><\/p><\/div><\/div><\/div><\/div><\/li><li id=\"testimonials6611\" class=\"testimonial_content left_align \"><div class = \"testimonial_image_left_holder\" ><div class=\"testimonial_content_inner\"><div class=\"testimonial_text_holder left_align\"><div class=\"testimonial_text_inner\"><p class=\"testimonial_title\" style=\"\"><\/p><span class=\"testimonial_separator\" style=\"\"><\/span><p class=\"testimonial_text\">Ten\u00eda frecuentes infecciones en el tracto urinario, cada 2 a 3 meses. La causa m\u00e1s frecuente era Escherichia coli. Intent\u00f3 varias preparaciones herbarias, terapia con antibi\u00f3ticos, pero las infecciones resurg\u00edan cada dos o tres meses. Despu\u00e9s de la terapia con la preparaci\u00f3n Naturoplex\u00ae (hace dos a\u00f1os) no hubieron m\u00e1s infecciones.<\/p><p class=\"testimonial_author\" style=\"\">- Mujer, <span class=\"testimonials_job\" style=\"\">m\u00e9dico<\/span><\/p><\/div><\/div><\/div><\/div><\/li><\/ul><\/div><\/div>[\/vc_column][\/vc_row]<\/p>\n","protected":false},"excerpt":{"rendered":"<p>[vc_row row_type=\u00bbrow\u00bb use_row_as_full_screen_section=\u00bbno\u00bb type=\u00bbfull_width\u00bb text_align=\u00bbleft\u00bb css_animation=\u00bb\u00bb box_shadow_on_row=\u00bbno\u00bb][vc_column][vc_separator type=\u00bbtransparent\u00bb thickness=\u00bb10&#8243; up_style=\u00bbpx\u00bb down_style=\u00bbpx\u00bb][\/vc_column][\/vc_row]<\/p>\n","protected":false},"author":1,"featured_media":0,"parent":0,"menu_order":0,"comment_status":"closed","ping_status":"closed","template":"","meta":[],"aioseo_notices":[],"_links":{"self":[{"href":"https:\/\/novi.naturoplex.com\/es\/wp-json\/wp\/v2\/pages\/6591"}],"collection":[{"href":"https:\/\/novi.naturoplex.com\/es\/wp-json\/wp\/v2\/pages"}],"about":[{"href":"https:\/\/novi.naturoplex.com\/es\/wp-json\/wp\/v2\/types\/page"}],"author":[{"embeddable":true,"href":"https:\/\/novi.naturoplex.com\/es\/wp-json\/wp\/v2\/users\/1"}],"replies":[{"embeddable":true,"href":"https:\/\/novi.naturoplex.com\/es\/wp-json\/wp\/v2\/comments?post=6591"}],"version-history":[{"count":2,"href":"https:\/\/novi.naturoplex.com\/es\/wp-json\/wp\/v2\/pages\/6591\/revisions"}],"predecessor-version":[{"id":6593,"href":"https:\/\/novi.naturoplex.com\/es\/wp-json\/wp\/v2\/pages\/6591\/revisions\/6593"}],"wp:attachment":[{"href":"https:\/\/novi.naturoplex.com\/es\/wp-json\/wp\/v2\/media?parent=6591"}],"curies":[{"name":"wp","href":"https:\/\/api.w.org\/{rel}","templated":true}]}}