{"id":6570,"date":"2016-07-14T14:53:58","date_gmt":"2016-07-14T14:53:58","guid":{"rendered":"http:\/\/naturoplex.com\/naturoplex-brusnica-sprecaite-ponovne-urinarne-infekcije\/?lang=es"},"modified":"2016-11-03T08:51:04","modified_gmt":"2016-11-03T08:51:04","slug":"naturoplex-arandano-prevenga-infecciones-urinarias","status":"publish","type":"page","link":"https:\/\/novi.naturoplex.com\/es\/naturoplex-arandano-prevenga-infecciones-urinarias\/","title":{"rendered":"Naturoplex Ar\u00e1ndano &#8211; Prevenga las Infecciones Urinarias Recurrentes"},"content":{"rendered":"<p>[vc_row row_type=\u00bbrow\u00bb use_row_as_full_screen_section=\u00bbno\u00bb type=\u00bbfull_width\u00bb text_align=\u00bbleft\u00bb background_color=\u00bb#ffffff\u00bb css_animation=\u00bb\u00bb box_shadow_on_row=\u00bbno\u00bb oblique_section=\u00bbno\u00bb oblique_section_top_and_bottom=\u00bbboth\u00bb oblique_section_position=\u00bbfrom_left_to_right\u00bb triangle_shape=\u00bbno\u00bb triangle_shape_position=\u00bbboth\u00bb][vc_column][vc_separator type=\u00bbtransparent\u00bb up=\u00bb0.9&#8243; up_style=\u00bb%\u00bb down=\u00bb0.9&#8243; down_style=\u00bb%\u00bb][\/vc_column][\/vc_row][vc_row row_type=\u00bbrow\u00bb use_row_as_full_screen_section=\u00bbno\u00bb type=\u00bbgrid\u00bb text_align=\u00bbcenter\u00bb padding_top=\u00bb43&#8243; padding_bottom=\u00bb65&#8243; css_animation=\u00bb\u00bb box_shadow_on_row=\u00bbno\u00bb oblique_section=\u00bbno\u00bb oblique_section_top_and_bottom=\u00bbboth\u00bb oblique_section_position=\u00bbfrom_left_to_right\u00bb triangle_shape=\u00bbno\u00bb triangle_shape_position=\u00bbboth\u00bb][vc_column offset=\u00bbvc_col-lg-offset-1 vc_col-lg-10 vc_col-md-12 vc_col-xs-12&#8243;][vc_column_text]<\/p>\n<h5>Previene las infecciones del tracto urinario en forma natural<\/h5>\n<p>[\/vc_column_text][vc_separator type=\u00bbtransparent\u00bb up=\u00bb13&#8243; up_style=\u00bbpx\u00bb down=\u00bb0&#8243; down_style=\u00bbpx\u00bb][vc_column_text]<\/p>\n<h2>c\u00e1psulas naturoplex ar\u00e1ndano<\/h2>\n<p>[\/vc_column_text][vc_separator type=\u00bbtransparent\u00bb up=\u00bb10&#8243; up_style=\u00bbpx\u00bb down=\u00bb0&#8243; down_style=\u00bbpx\u00bb][vc_column_text]<\/p>\n<h6>Producto completamente natural que impide la reaparici\u00f3n de las infecciones del tracto urinario. \u00a1Funciona r\u00e1pido y seguro!<\/h6>\n<p>[\/vc_column_text][\/vc_column][\/vc_row][vc_row row_type=\u00bbrow\u00bb use_row_as_full_screen_section=\u00bbno\u00bb type=\u00bbfull_width\u00bb text_align=\u00bbleft\u00bb background_color=\u00bb#fafafa\u00bb css_animation=\u00bb\u00bb box_shadow_on_row=\u00bbno\u00bb oblique_section=\u00bbno\u00bb oblique_section_top_and_bottom=\u00bbboth\u00bb oblique_section_position=\u00bbfrom_left_to_right\u00bb triangle_shape=\u00bbno\u00bb triangle_shape_position=\u00bbboth\u00bb][vc_column][vc_separator type=\u00bbtransparent\u00bb thickness=\u00bb20&#8243; up_style=\u00bbpx\u00bb down_style=\u00bbpx\u00bb][vc_text_separator title=\u00bbEfectos de las c\u00e1psulas Naturoplex Ar\u00e1ndano\u00bb text_in_box=\u00bbyes\u00bb text_position=\u00bbcenter\u00bb box_border_style=\u00bbsolid\u00bb line_border_style=\u00bbsolid\u00bb line_dots=\u00bbno\u00bb][vc_separator type=\u00bbtransparent\u00bb thickness=\u00bb20&#8243; up_style=\u00bbpx\u00bb down_style=\u00bbpx\u00bb][\/vc_column][\/vc_row][vc_row row_type=\u00bbrow\u00bb use_row_as_full_screen_section=\u00bbno\u00bb type=\u00bbgrid\u00bb text_align=\u00bbleft\u00bb css_animation=\u00bb\u00bb box_shadow_on_row=\u00bbno\u00bb][vc_column width=\u00bb1\/4&#8243;][vc_single_image image=\u00bb6456&#8243; img_size=\u00bbfull\u00bb onclick=\u00bblink_image\u00bb edgt_css_animation=\u00bbelement_from_left\u00bb][\/vc_column][vc_column width=\u00bb3\/4&#8243;][vc_column_text]<\/p>\n<h3><\/h3>\n<h3><em><strong>Ar\u00e1ndano eficaz patentado y probado<\/strong><\/em><\/h3>\n<p><strong>Naturoplex<sup>\u00ae<\/sup>Ar\u00e1ndano<\/strong> contiene niveles estandarizados de los componentes activos: proantocianidinas bioactivas, \u00e1cidos org\u00e1nicos, fibra diet\u00e9tica, \u00e1cidos grasos, prote\u00ednas y az\u00facares. Esta variedad de componentes del ar\u00e1ndano hace a<strong>\u00a0Naturoplex<sup>\u00ae<\/sup> Ar\u00e1ndano<\/strong> \u00fanico.<\/p>\n<p>Los ingredientes activos de <strong>Naturoplex<sup>\u00ae<\/sup>Ar\u00e1ndano<\/strong>, han sido objeto de numerosos estudios cl\u00ednicos, estudios transversales comparativos y estudios de seguridad.<\/p>\n<p><strong>El organismo franc\u00e9s de Seguridad Alimentaria,<\/strong> ha confirmado que la cantidad de ingredientes activos en una dosis diaria de\u00a0<strong>Naturoplex<sup>\u00ae<\/sup>Ar\u00e1ndano<\/strong>, efectivamente ayuda a prevenir la adherencia de las bacterias da\u00f1inas a las paredes del tracto urinario. De esta manera, las bacterias da\u00f1inas no tienen la capacidad de establecerse y causar infecciones en el tracto urinario.[\/vc_column_text][vc_empty_space height=\u00bb25px\u00bb image_repeat=\u00bbno-repeat\u00bb][vc_column_text]<\/p>\n<h3><strong>Producto que contiene la fruta entera del ar\u00e1ndano de Am\u00e9rica del Norte<\/strong><\/h3>\n<p><strong>Naturoplex<sup>\u00ae<\/sup><\/strong> <strong>Ar\u00e1ndano<\/strong> contiene la totalidad del ar\u00e1ndano de Am\u00e9rica del Norte (jugo, membrana, parte carnosa de la semilla). Los resultados de los estudios realizados en 2011 y 2012 confirman que los ingredientes activos de <strong>Naturoplex<sup>\u00ae<\/sup> Ar\u00e1ndano<\/strong> previenen la uni\u00f3n de las bacterias en el tracto urinario, incluso 24 horas despu\u00e9s de la administraci\u00f3n, mientras que los extractos de ar\u00e1ndano dejan de trabajar despu\u00e9s de 10h.<\/p>\n<p>Los resultados de este estudio mostraron que <strong>Naturoplex<sup>\u00ae<\/sup><\/strong> <strong>Ar\u00e1ndano<\/strong> es mucho m\u00e1s eficaz en la prevenci\u00f3n de infecciones del tracto urinario, en comparaci\u00f3n con otros productos que contienen solamente partes del ar\u00e1ndano, e incluso con m\u00e1s proantocianidinas enriquecidas.[\/vc_column_text][\/vc_column][\/vc_row][vc_row row_type=\u00bbrow\u00bb use_row_as_full_screen_section=\u00bbno\u00bb type=\u00bbfull_width\u00bb text_align=\u00bbleft\u00bb background_color=\u00bb#fafafa\u00bb css_animation=\u00bb\u00bb box_shadow_on_row=\u00bbno\u00bb oblique_section=\u00bbno\u00bb oblique_section_top_and_bottom=\u00bbboth\u00bb oblique_section_position=\u00bbfrom_left_to_right\u00bb triangle_shape=\u00bbno\u00bb triangle_shape_position=\u00bbboth\u00bb][vc_column][vc_separator type=\u00bbtransparent\u00bb thickness=\u00bb20&#8243; up_style=\u00bbpx\u00bb down_style=\u00bbpx\u00bb][vc_text_separator title=\u00bbIngredientes de las c\u00e1psulas Naturoplex Ar\u00e1ndano\u00bb text_in_box=\u00bbyes\u00bb text_position=\u00bbcenter\u00bb box_border_style=\u00bbsolid\u00bb line_border_style=\u00bbsolid\u00bb line_dots=\u00bbno\u00bb][vc_separator type=\u00bbtransparent\u00bb thickness=\u00bb20&#8243; up_style=\u00bbpx\u00bb down_style=\u00bbpx\u00bb][\/vc_column][\/vc_row][vc_row row_type=\u00bbrow\u00bb use_row_as_full_screen_section=\u00bbno\u00bb type=\u00bbgrid\u00bb text_align=\u00bbleft\u00bb css_animation=\u00bb\u00bb box_shadow_on_row=\u00bbno\u00bb][vc_column width=\u00bb3\/4&#8243;][vc_column_text]<\/p>\n<h3>Una c\u00e1psula de Naturoplex Ar\u00e1ndano contiene:<\/h3>\n<ol>\n<li>\u00a0250 mg de polvo de fruta de ar\u00e1ndano (Vaccinium macrocarpon Aiton) estandarizado al min. 7,2% de proantocianidinas<\/li>\n<\/ol>\n<p>&nbsp;<\/p>\n<p>&nbsp;<\/p>\n<table border=\"1\" width=\"100%\" cellspacing=\"5\" cellpadding=\"5\" align=\"center\">\n<tbody>\n<tr style=\"background-color: rgba(0,128,81,0.5);\" align=\"center\" valign=\"middle\">\n<td style=\"width: 30%;\">COMPONENTE ACTIVO<\/td>\n<td style=\"width: 30%;\">1<br \/>\nc\u00e1psula<\/td>\n<td style=\"width: 30%;\">Dosis diaria<br \/>\n(2 c\u00e1psulas)<\/td>\n<\/tr>\n<tr align=\"center\" valign=\"middle\">\n<td>Polvo de la fruta del ar\u00e1ndano\u00a0<em>(Vaccinium macrocarpon Aiton) <\/em>estandarizado al min. 7,2% de proantocianidinas<\/td>\n<td align=\"center\">250 mg<\/td>\n<td>500\u00a0mg<\/td>\n<\/tr>\n<\/tbody>\n<\/table>\n<p>[\/vc_column_text][\/vc_column][vc_column width=\u00bb1\/4&#8243;][vc_single_image image=\u00bb6478&#8243; img_size=\u00bbfull\u00bb alignment=\u00bbright\u00bb onclick=\u00bblink_image\u00bb edgt_css_animation=\u00bbelement_from_right\u00bb][\/vc_column][\/vc_row][vc_row row_type=\u00bbrow\u00bb use_row_as_full_screen_section=\u00bbno\u00bb type=\u00bbfull_width\u00bb text_align=\u00bbleft\u00bb background_color=\u00bb#fafafa\u00bb css_animation=\u00bb\u00bb box_shadow_on_row=\u00bbno\u00bb oblique_section=\u00bbno\u00bb oblique_section_top_and_bottom=\u00bbboth\u00bb oblique_section_position=\u00bbfrom_left_to_right\u00bb triangle_shape=\u00bbno\u00bb triangle_shape_position=\u00bbboth\u00bb][vc_column][vc_separator type=\u00bbtransparent\u00bb thickness=\u00bb20&#8243; up_style=\u00bbpx\u00bb down_style=\u00bbpx\u00bb][vc_text_separator title=\u00bb\u00bfC\u00f3mo utilizar las c\u00e1psulas Naturoplex ar\u00e1ndano?\u00bb text_in_box=\u00bbyes\u00bb text_position=\u00bbcenter\u00bb box_border_style=\u00bbsolid\u00bb line_border_style=\u00bbsolid\u00bb line_dots=\u00bbno\u00bb][\/vc_column][\/vc_row][vc_row row_type=\u00bbrow\u00bb use_row_as_full_screen_section=\u00bbno\u00bb type=\u00bbgrid\u00bb text_align=\u00bbleft\u00bb css_animation=\u00bb\u00bb box_shadow_on_row=\u00bbno\u00bb][vc_column width=\u00bb1\/4&#8243;][vc_single_image image=\u00bb6454&#8243; img_size=\u00bbfull\u00bb edgt_css_animation=\u00bbelement_from_fade\u00bb][\/vc_column][vc_column width=\u00bb3\/4&#8243;][vc_separator type=\u00bbtransparent\u00bb thickness=\u00bb20&#8243; up_style=\u00bbpx\u00bb down_style=\u00bbpx\u00bb][vc_column_text]<strong>Modo de empleo:<\/strong><br \/>\nAdultos y ni\u00f1os mayores de 3 a\u00f1os: 1-2 c\u00e1psulas por d\u00eda.<br \/>\n<strong>Observaciones:<br \/>\n<\/strong>La dosis diaria recomendada no debe excederse.<br \/>\nLos suplementos diet\u00e9ticos de ninguna forma pueden ser utilizados como un sustituto de las comidas y la ingesta diaria de alimentos.<br \/>\n<strong>Contraindicaciones:<\/strong><\/p>\n<ul>\n<li>Hipersensibilidad a cualquier componente del producto<\/li>\n<li>No se recomienda \u00a0para ni\u00f1os menores de 3 a\u00f1os<\/li>\n<li>No se recomienda \u00a0para mujeres embarazadas o lactantes<\/li>\n<\/ul>\n<p><strong>Interacciones con otros medicamentos:<\/strong>\u00a0No conocidas.<br \/>\n<strong>Efectos secundarios no deseados:<\/strong> No conocidos.<br \/>\n<strong>Empaque:<\/strong> 20 c\u00e1psulas (10 g).[\/vc_column_text][\/vc_column][\/vc_row]<\/p>\n","protected":false},"excerpt":{"rendered":"<p>[vc_row row_type=\u00bbrow\u00bb use_row_as_full_screen_section=\u00bbno\u00bb type=\u00bbfull_width\u00bb text_align=\u00bbleft\u00bb background_color=\u00bb#ffffff\u00bb css_animation=\u00bb\u00bb box_shadow_on_row=\u00bbno\u00bb oblique_section=\u00bbno\u00bb oblique_section_top_and_bottom=\u00bbboth\u00bb oblique_section_position=\u00bbfrom_left_to_right\u00bb triangle_shape=\u00bbno\u00bb triangle_shape_position=\u00bbboth\u00bb][vc_column][vc_separator type=\u00bbtransparent\u00bb up=\u00bb0.9&#8243; up_style=\u00bb%\u00bb down=\u00bb0.9&#8243; down_style=\u00bb%\u00bb][\/vc_column][\/vc_row][vc_row row_type=\u00bbrow\u00bb use_row_as_full_screen_section=\u00bbno\u00bb type=\u00bbgrid\u00bb text_align=\u00bbcenter\u00bb padding_top=\u00bb43&#8243; padding_bottom=\u00bb65&#8243; css_animation=\u00bb\u00bb box_shadow_on_row=\u00bbno\u00bb oblique_section=\u00bbno\u00bb oblique_section_top_and_bottom=\u00bbboth\u00bb oblique_section_position=\u00bbfrom_left_to_right\u00bb triangle_shape=\u00bbno\u00bb triangle_shape_position=\u00bbboth\u00bb][vc_column offset=\u00bbvc_col-lg-offset-1 vc_col-lg-10 vc_col-md-12 vc_col-xs-12&#8243;][vc_column_text] Previene las infecciones del tracto urinario en forma natural [\/vc_column_text][vc_separator&#8230;<\/p>\n","protected":false},"author":1,"featured_media":0,"parent":0,"menu_order":0,"comment_status":"closed","ping_status":"closed","template":"","meta":[],"aioseo_notices":[],"_links":{"self":[{"href":"https:\/\/novi.naturoplex.com\/es\/wp-json\/wp\/v2\/pages\/6570"}],"collection":[{"href":"https:\/\/novi.naturoplex.com\/es\/wp-json\/wp\/v2\/pages"}],"about":[{"href":"https:\/\/novi.naturoplex.com\/es\/wp-json\/wp\/v2\/types\/page"}],"author":[{"embeddable":true,"href":"https:\/\/novi.naturoplex.com\/es\/wp-json\/wp\/v2\/users\/1"}],"replies":[{"embeddable":true,"href":"https:\/\/novi.naturoplex.com\/es\/wp-json\/wp\/v2\/comments?post=6570"}],"version-history":[{"count":7,"href":"https:\/\/novi.naturoplex.com\/es\/wp-json\/wp\/v2\/pages\/6570\/revisions"}],"predecessor-version":[{"id":6711,"href":"https:\/\/novi.naturoplex.com\/es\/wp-json\/wp\/v2\/pages\/6570\/revisions\/6711"}],"wp:attachment":[{"href":"https:\/\/novi.naturoplex.com\/es\/wp-json\/wp\/v2\/media?parent=6570"}],"curies":[{"name":"wp","href":"https:\/\/api.w.org\/{rel}","templated":true}]}}