{"id":6564,"date":"2015-04-22T13:56:27","date_gmt":"2015-04-22T13:56:27","guid":{"rendered":"http:\/\/naturoplex.com\/naturoplex-tablete-prirodno-protiv-urinarnih-infekcija\/?lang=es"},"modified":"2016-11-07T10:52:26","modified_gmt":"2016-11-07T10:52:26","slug":"tabletas-naturoplex-contra-infecciones-urinarias","status":"publish","type":"page","link":"https:\/\/novi.naturoplex.com\/es\/tabletas-naturoplex-contra-infecciones-urinarias\/","title":{"rendered":"Tabletas Naturoplex &#8211; Soluci\u00f3n para las Infecciones del Tracto Urinario"},"content":{"rendered":"<p>[vc_row row_type=\u00bbrow\u00bb use_row_as_full_screen_section=\u00bbno\u00bb type=\u00bbfull_width\u00bb text_align=\u00bbleft\u00bb background_color=\u00bb#ffffff\u00bb css_animation=\u00bb\u00bb box_shadow_on_row=\u00bbno\u00bb oblique_section=\u00bbno\u00bb oblique_section_top_and_bottom=\u00bbboth\u00bb oblique_section_position=\u00bbfrom_left_to_right\u00bb triangle_shape=\u00bbno\u00bb triangle_shape_position=\u00bbboth\u00bb][vc_column][vc_separator type=\u00bbtransparent\u00bb up=\u00bb0.9&#8243; up_style=\u00bb%\u00bb down=\u00bb0.9&#8243; down_style=\u00bb%\u00bb][\/vc_column][\/vc_row][vc_row row_type=\u00bbrow\u00bb use_row_as_full_screen_section=\u00bbno\u00bb type=\u00bbgrid\u00bb text_align=\u00bbcenter\u00bb padding_top=\u00bb43&#8243; padding_bottom=\u00bb65&#8243; css_animation=\u00bb\u00bb box_shadow_on_row=\u00bbno\u00bb oblique_section=\u00bbno\u00bb oblique_section_top_and_bottom=\u00bbboth\u00bb oblique_section_position=\u00bbfrom_left_to_right\u00bb triangle_shape=\u00bbno\u00bb triangle_shape_position=\u00bbboth\u00bb][vc_column offset=\u00bbvc_col-lg-offset-1 vc_col-lg-10 vc_col-md-12 vc_col-xs-12&#8243;][vc_column_text]<\/p>\n<h5>Resuelva las infecciones urinarias naturalmente,<\/h5>\n<p>[\/vc_column_text][vc_separator type=\u00bbtransparent\u00bb up=\u00bb13&#8243; up_style=\u00bbpx\u00bb down=\u00bb0&#8243; down_style=\u00bbpx\u00bb][vc_column_text]<\/p>\n<h2>tabletas naturoplex<\/h2>\n<p>[\/vc_column_text][vc_separator type=\u00bbtransparent\u00bb up=\u00bb10&#8243; up_style=\u00bbpx\u00bb down=\u00bb0&#8243; down_style=\u00bbpx\u00bb][vc_column_text]<\/p>\n<h6>Producto completamente natural que tiene m\u00e1s de 12 a\u00f1os de \u00e9xito en el tratamiento de infecciones del tracto urinario. Naturoplex ayuda a mejorar significativamente las molestias y dolores al orinar desde\u00a0el primer d\u00eda de uso.<\/h6>\n<p>[\/vc_column_text][\/vc_column][\/vc_row][vc_row row_type=\u00bbrow\u00bb use_row_as_full_screen_section=\u00bbno\u00bb type=\u00bbfull_width\u00bb text_align=\u00bbleft\u00bb background_color=\u00bb#fafafa\u00bb css_animation=\u00bb\u00bb box_shadow_on_row=\u00bbno\u00bb oblique_section=\u00bbno\u00bb oblique_section_top_and_bottom=\u00bbboth\u00bb oblique_section_position=\u00bbfrom_left_to_right\u00bb triangle_shape=\u00bbno\u00bb triangle_shape_position=\u00bbboth\u00bb][vc_column][vc_separator type=\u00bbtransparent\u00bb thickness=\u00bb20&#8243; up_style=\u00bbpx\u00bb down_style=\u00bbpx\u00bb][vc_text_separator title=\u00bbEfectos de las tabletas Narturoplex\u00bb text_in_box=\u00bbyes\u00bb text_position=\u00bbcenter\u00bb box_border_style=\u00bbsolid\u00bb line_border_style=\u00bbsolid\u00bb line_dots=\u00bbno\u00bb][vc_separator type=\u00bbtransparent\u00bb thickness=\u00bb20&#8243; up_style=\u00bbpx\u00bb down_style=\u00bbpx\u00bb][\/vc_column][\/vc_row][vc_row row_type=\u00bbrow\u00bb use_row_as_full_screen_section=\u00bbno\u00bb type=\u00bbgrid\u00bb text_align=\u00bbleft\u00bb css_animation=\u00bb\u00bb box_shadow_on_row=\u00bbno\u00bb][vc_column width=\u00bb1\/4&#8243;][vc_single_image image=\u00bb6372&#8243; img_size=\u00bbfull\u00bb onclick=\u00bblink_image\u00bb edgt_css_animation=\u00bbelement_from_left\u00bb][\/vc_column][vc_column width=\u00bb3\/4&#8243;][vc_column_text]<strong>Antibacterial:\u00a0<\/strong>Afecta a un amplio espectro de bacterias Gram positivas y Gram negativas, tales como Escherichia coli, Bacillus proteus, Staphylococcus aureus, Streptococcus, as\u00ed como hongo <em>Candida albicans<\/em>.<\/p>\n<p><strong>Antiinflamatorio:\u00a0<\/strong>Reduce las inflamaciones.<\/p>\n<p><strong>Analg\u00e9sico:<\/strong>\u00a0Alivia el dolor.<\/p>\n<p><strong>Diur\u00e9tico:\u00a0<\/strong>Ayuda a expulsar los l\u00edquidos, lo que reduce el tiempo de la estancia de la orina en la vejiga, que es una de las causas de las infecciones.<\/p>\n<p><strong>Fortalece la inmunidad de las mucosas del tracto urinario: <\/strong>Estimula las c\u00e9lulas inmunol\u00f3gicas (macr\u00f3fagos), en la membrana mucosa del tracto urinario.<\/p>\n<p><strong>Nota:\u00a0<\/strong>Los compuestos activos en Naturoplex\u00ae se adhieren a los receptores en la superficie de la bacteria Escherichia coli, evitando la uni\u00f3n de las bacterias en las paredes del tracto urinario. Esta acci\u00f3n reduce la posibilidad de las infecciones y resurgimiento de la enfermedad.[\/vc_column_text][\/vc_column][\/vc_row][vc_row row_type=\u00bbrow\u00bb use_row_as_full_screen_section=\u00bbno\u00bb type=\u00bbfull_width\u00bb text_align=\u00bbleft\u00bb background_color=\u00bb#fafafa\u00bb css_animation=\u00bb\u00bb box_shadow_on_row=\u00bbno\u00bb oblique_section=\u00bbno\u00bb oblique_section_top_and_bottom=\u00bbboth\u00bb oblique_section_position=\u00bbfrom_left_to_right\u00bb triangle_shape=\u00bbno\u00bb triangle_shape_position=\u00bbboth\u00bb][vc_column][vc_separator type=\u00bbtransparent\u00bb thickness=\u00bb20&#8243; up_style=\u00bbpx\u00bb down_style=\u00bbpx\u00bb][vc_text_separator title=\u00bbIngredientes de las tabletas Naturoplex\u00bb text_in_box=\u00bbyes\u00bb text_position=\u00bbcenter\u00bb box_border_style=\u00bbsolid\u00bb line_border_style=\u00bbsolid\u00bb line_dots=\u00bbno\u00bb][vc_separator type=\u00bbtransparent\u00bb thickness=\u00bb20&#8243; up_style=\u00bbpx\u00bb down_style=\u00bbpx\u00bb][\/vc_column][\/vc_row][vc_row row_type=\u00bbrow\u00bb use_row_as_full_screen_section=\u00bbno\u00bb type=\u00bbgrid\u00bb text_align=\u00bbleft\u00bb css_animation=\u00bb\u00bb box_shadow_on_row=\u00bbno\u00bb][vc_column width=\u00bb3\/4&#8243;][vc_column_text]<\/p>\n<h3>Una tableta de Naturoplex contiene:<\/h3>\n<p>&nbsp;<\/p>\n<ul>\n<li>\u00a090.0 mg de extracto seco de la ra\u00edz de <em>Rosa leavigata<\/em><\/li>\n<li>\u00a044.5 mg de extracto seco de la ra\u00edz de <em>Melastoma normale<\/em><\/li>\n<li>\u00a044.5 mg\u00a0de extracto seco de rizomas <em>Smilax China<\/em><\/li>\n<li>\u00a027.5 mg\u00a0de extracto seco de\u00a0<em>Lygodium japoncium<\/em><\/li>\n<li>\u00a027.5 mg de\u00a0extracto seco de <em>Cenetlla asi\u00e1tica<\/em><\/li>\n<\/ul>\n<p>&nbsp;<\/p>\n<p><strong>Excipientes:<\/strong><\/p>\n<ul>\n<li>almid\u00f3n de ma\u00edz, talco, celulosa microcristalina, di\u00f3xido de silicio, estearato de magnesio, agente\u00a0para el recubrimiento de las tabletas hasta\u00a00.29g.<\/li>\n<\/ul>\n<p>&nbsp;<\/p>\n<table border=\"1\" width=\"100%\" cellspacing=\"5\" cellpadding=\"5\" align=\"center\">\n<tbody>\n<tr style=\"background-color: rgba(0,128,81,0.5);\" align=\"center\" valign=\"middle\">\n<td>COMPONENTES ACTIVOS<\/td>\n<td>100g<\/td>\n<td>1 TABLETA (0,28g)<\/td>\n<td>DOSIS DIARIA (9 tabletas)<\/td>\n<\/tr>\n<tr align=\"center\" valign=\"middle\">\n<td>Extracto seco de la ra\u00edz de <em>Rosa leavigata<\/em><\/td>\n<td align=\"center\">32,143g<\/td>\n<td>90 mg<\/td>\n<td>810 mg<\/td>\n<\/tr>\n<tr align=\"center\" valign=\"middle\">\n<td>Extracto seco de la ra\u00edz de <em>Melastoma normale<\/em><\/td>\n<td align=\"center\">15,983 g<\/td>\n<td>44,5 mg<\/td>\n<td>400,5 mg<\/td>\n<\/tr>\n<tr align=\"center\" valign=\"middle\">\n<td>Extracto seco de rizomas <em>Smilax China<\/em><\/td>\n<td align=\"center\">15,893 g<\/td>\n<td>44,5 g<\/td>\n<td>400,5 mg<\/td>\n<\/tr>\n<tr align=\"center\" valign=\"middle\">\n<td>Extracto seco de\u00a0<em>Lygodium japoncium<\/em><\/td>\n<td align=\"center\">9,821 g<\/td>\n<td>27,5 mg<\/td>\n<td>247,5 mg<\/td>\n<\/tr>\n<tr align=\"center\" valign=\"middle\">\n<td>Extracto seco de <em>Centella asi\u00e1tica<\/em><\/td>\n<td align=\"center\">9,821 g<\/td>\n<td>27,5 mg<\/td>\n<td>247,5 mg<\/td>\n<\/tr>\n<\/tbody>\n<\/table>\n<p>[\/vc_column_text][\/vc_column][vc_column width=\u00bb1\/4&#8243;][vc_single_image image=\u00bb6385&#8243; img_size=\u00bbfull\u00bb alignment=\u00bbright\u00bb onclick=\u00bblink_image\u00bb edgt_css_animation=\u00bbelement_from_right\u00bb][\/vc_column][\/vc_row][vc_row row_type=\u00bbrow\u00bb use_row_as_full_screen_section=\u00bbno\u00bb type=\u00bbfull_width\u00bb text_align=\u00bbleft\u00bb background_color=\u00bb#fafafa\u00bb css_animation=\u00bb\u00bb box_shadow_on_row=\u00bbno\u00bb oblique_section=\u00bbno\u00bb oblique_section_top_and_bottom=\u00bbboth\u00bb oblique_section_position=\u00bbfrom_left_to_right\u00bb triangle_shape=\u00bbno\u00bb triangle_shape_position=\u00bbboth\u00bb][vc_column][vc_raw_html]JTNDYSUyMG5hbWUlM0QlMjJjb21vJTIyJTNFJTNDJTJGYSUzRQ==[\/vc_raw_html][vc_separator type=\u00bbtransparent\u00bb thickness=\u00bb20&#8243; up_style=\u00bbpx\u00bb down_style=\u00bbpx\u00bb][vc_text_separator title=\u00bb\u00bfC\u00f3mo utilizar las tabletas Naturoplex?\u00bb text_in_box=\u00bbyes\u00bb text_position=\u00bbcenter\u00bb box_border_style=\u00bbsolid\u00bb line_border_style=\u00bbsolid\u00bb line_dots=\u00bbno\u00bb][\/vc_column][\/vc_row][vc_row row_type=\u00bbrow\u00bb use_row_as_full_screen_section=\u00bbno\u00bb type=\u00bbgrid\u00bb text_align=\u00bbleft\u00bb css_animation=\u00bb\u00bb box_shadow_on_row=\u00bbno\u00bb][vc_column width=\u00bb1\/4&#8243;][vc_single_image image=\u00bb6382&#8243; img_size=\u00bbfull\u00bb edgt_css_animation=\u00bbelement_from_fade\u00bb][\/vc_column][vc_column width=\u00bb3\/4&#8243;][vc_separator type=\u00bbtransparent\u00bb thickness=\u00bb20&#8243; up_style=\u00bbpx\u00bb down_style=\u00bbpx\u00bb][vc_column_text]<\/p>\n<table border=\"1\" width=\"100%\" cellspacing=\"5\" cellpadding=\"5\" align=\"center\">\n<tbody>\n<tr align=\"center\" valign=\"middle\">\n<td>\u00a0DOSIS DIARIA<\/td>\n<td>INFECCIONES AGUDAS<\/td>\n<td>INFECCIONES CR\u00d3NICAS<\/td>\n<td>PREVENCI\u00d3N PARA LA RECURRENCIA<\/td>\n<\/tr>\n<tr align=\"center\" valign=\"middle\">\n<td>\u00a03\u00d73 tabletas<\/td>\n<td align=\"center\">\u00a015 d\u00edas<\/td>\n<td>\u00a0\u00a024 d\u00edas<\/td>\n<td>\u00a024 d\u00edas<\/td>\n<\/tr>\n<\/tbody>\n<\/table>\n<p>&nbsp;<\/p>\n<p>Terapia Naturoplex<sup>\u00ae<\/sup>: 3 tabletas 3 veces al d\u00eda.<br \/>\nNaturoplex<sup>\u00ae<\/sup> puede utilizarse solo o como complemento a la terapia con antibi\u00f3ticos.<br \/>\n<strong>\u00a0<\/strong><\/p>\n<p><strong>Contraindicaciones:<\/strong><\/p>\n<ul>\n<li>Hipersensibilidad a cualquier componente del producto<\/li>\n<li>No se recomienda \u00a0para ni\u00f1os menores de 12 a\u00f1os<\/li>\n<li>No se recomienda \u00a0para\u00a0mujeres embarazadas o lactantes<\/li>\n<\/ul>\n<p>&nbsp;<\/p>\n<p><strong>Interacciones con otros medicamentos:<\/strong>\u00a0No conocidos.<br \/>\n<strong>Efectos secundarios no deseados:<\/strong> No conocidos.<br \/>\n<strong>Empaque:\u00a0<\/strong>36 tabletas.[\/vc_column_text][\/vc_column][\/vc_row]<\/p>\n","protected":false},"excerpt":{"rendered":"<p>[vc_row row_type=\u00bbrow\u00bb use_row_as_full_screen_section=\u00bbno\u00bb type=\u00bbfull_width\u00bb text_align=\u00bbleft\u00bb background_color=\u00bb#ffffff\u00bb css_animation=\u00bb\u00bb box_shadow_on_row=\u00bbno\u00bb oblique_section=\u00bbno\u00bb oblique_section_top_and_bottom=\u00bbboth\u00bb oblique_section_position=\u00bbfrom_left_to_right\u00bb triangle_shape=\u00bbno\u00bb triangle_shape_position=\u00bbboth\u00bb][vc_column][vc_separator type=\u00bbtransparent\u00bb up=\u00bb0.9&#8243; up_style=\u00bb%\u00bb down=\u00bb0.9&#8243; down_style=\u00bb%\u00bb][\/vc_column][\/vc_row][vc_row row_type=\u00bbrow\u00bb use_row_as_full_screen_section=\u00bbno\u00bb type=\u00bbgrid\u00bb text_align=\u00bbcenter\u00bb padding_top=\u00bb43&#8243; padding_bottom=\u00bb65&#8243; css_animation=\u00bb\u00bb box_shadow_on_row=\u00bbno\u00bb oblique_section=\u00bbno\u00bb oblique_section_top_and_bottom=\u00bbboth\u00bb oblique_section_position=\u00bbfrom_left_to_right\u00bb triangle_shape=\u00bbno\u00bb triangle_shape_position=\u00bbboth\u00bb][vc_column offset=\u00bbvc_col-lg-offset-1 vc_col-lg-10 vc_col-md-12 vc_col-xs-12&#8243;][vc_column_text] Resuelva las infecciones urinarias naturalmente, [\/vc_column_text][vc_separator type=\u00bbtransparent\u00bb up=\u00bb13&#8243; up_style=\u00bbpx\u00bb down=\u00bb0&#8243;&#8230;<\/p>\n","protected":false},"author":1,"featured_media":0,"parent":0,"menu_order":0,"comment_status":"open","ping_status":"open","template":"full_width.php","meta":[],"aioseo_notices":[],"_links":{"self":[{"href":"https:\/\/novi.naturoplex.com\/es\/wp-json\/wp\/v2\/pages\/6564"}],"collection":[{"href":"https:\/\/novi.naturoplex.com\/es\/wp-json\/wp\/v2\/pages"}],"about":[{"href":"https:\/\/novi.naturoplex.com\/es\/wp-json\/wp\/v2\/types\/page"}],"author":[{"embeddable":true,"href":"https:\/\/novi.naturoplex.com\/es\/wp-json\/wp\/v2\/users\/1"}],"replies":[{"embeddable":true,"href":"https:\/\/novi.naturoplex.com\/es\/wp-json\/wp\/v2\/comments?post=6564"}],"version-history":[{"count":9,"href":"https:\/\/novi.naturoplex.com\/es\/wp-json\/wp\/v2\/pages\/6564\/revisions"}],"predecessor-version":[{"id":6756,"href":"https:\/\/novi.naturoplex.com\/es\/wp-json\/wp\/v2\/pages\/6564\/revisions\/6756"}],"wp:attachment":[{"href":"https:\/\/novi.naturoplex.com\/es\/wp-json\/wp\/v2\/media?parent=6564"}],"curies":[{"name":"wp","href":"https:\/\/api.w.org\/{rel}","templated":true}]}}