{"id":6549,"date":"2015-04-22T13:55:12","date_gmt":"2015-04-22T13:55:12","guid":{"rendered":"http:\/\/naturoplex.com\/home\/?lang=es"},"modified":"2016-10-27T15:38:11","modified_gmt":"2016-10-27T15:38:11","slug":"home","status":"publish","type":"page","link":"https:\/\/novi.naturoplex.com\/es\/","title":{"rendered":"Inicio"},"content":{"rendered":"<p>[vc_row row_type=\u00bbrow\u00bb use_row_as_full_screen_section=\u00bbno\u00bb type=\u00bbgrid\u00bb text_align=\u00bbcenter\u00bb padding_top=\u00bb43&#8243; padding_bottom=\u00bb65&#8243; css_animation=\u00bb\u00bb box_shadow_on_row=\u00bbno\u00bb oblique_section=\u00bbno\u00bb oblique_section_top_and_bottom=\u00bbboth\u00bb oblique_section_position=\u00bbfrom_left_to_right\u00bb triangle_shape=\u00bbno\u00bb triangle_shape_position=\u00bbboth\u00bb][vc_column offset=\u00bbvc_col-lg-offset-1 vc_col-lg-10&#8243;][vc_column_text]<\/p>\n<h5>Naturoplex, 12 a\u00f1os de \u00e9xito<\/h5>\n<p>[\/vc_column_text][vc_separator type=\u00bbtransparent\u00bb up=\u00bb13&#8243; up_style=\u00bbpx\u00bb down=\u00bb0&#8243; down_style=\u00bbpx\u00bb][vc_column_text]<\/p>\n<h2>contra todas las infecciones del tracto urinario<\/h2>\n<p>[\/vc_column_text][vc_separator type=\u00bbtransparent\u00bb up=\u00bb10&#8243; up_style=\u00bbpx\u00bb down=\u00bb0&#8243; down_style=\u00bbpx\u00bb][vc_column_text]<\/p>\n<h6>\u00a1Una de cada dos mujeres sufre de infecciones urinarias al menos una vez en su vida. Tambi\u00e9n a un gran porcentaje de las mujeres se les presentan estas dolencias varias veces al a\u00f1o!<\/h6>\n<p>&nbsp;<\/p>\n<p>[\/vc_column_text][\/vc_column][\/vc_row][vc_row row_type=\u00bbrow\u00bb use_row_as_full_screen_section=\u00bbno\u00bb type=\u00bbgrid\u00bb text_align=\u00bbcenter\u00bb padding_bottom=\u00bb37&#8243; css_animation=\u00bb\u00bb box_shadow_on_row=\u00bbno\u00bb oblique_section=\u00bbno\u00bb oblique_section_top_and_bottom=\u00bbboth\u00bb oblique_section_position=\u00bbfrom_left_to_right\u00bb triangle_shape=\u00bbno\u00bb triangle_shape_position=\u00bbboth\u00bb][vc_column width=\u00bb1\/3&#8243;][vc_single_image image=\u00bb6425&#8243; img_size=\u00bbfull\u00bb alignment=\u00bbcenter\u00bb edgt_css_animation=\u00bb\u00bb][vc_separator type=\u00bbtransparent\u00bb up=\u00bb41&#8243; up_style=\u00bbpx\u00bb down=\u00bb0&#8243; down_style=\u00bbpx\u00bb][vc_column_text]<\/p>\n<h4>Ar\u00e1ndano como prevenci\u00f3n<\/h4>\n<p>[\/vc_column_text][vc_separator type=\u00bbtransparent\u00bb up=\u00bb17&#8243; up_style=\u00bbpx\u00bb down=\u00bb0&#8243; down_style=\u00bbpx\u00bb][vc_column_text]<span style=\"color: #e44847;\">Naturoplex<sup>\u00ae<\/sup>\u00a0Ar\u00e1ndano<\/span>\u00a0ayuda a <strong>pevenir la adherencia\u00a0de bacterias<\/strong> \u00a0a las paredes del tracto urinario, \u00a0por lo que las bacterias da\u00f1inas no son capaces de\u00a0establecerse y causar infecciones.[\/vc_column_text][vc_separator type=\u00bbtransparent\u00bb up=\u00bb51&#8243; up_style=\u00bbpx\u00bb down=\u00bb0&#8243; down_style=\u00bbpx\u00bb][\/vc_column][vc_column width=\u00bb1\/3&#8243;][vc_single_image image=\u00bb6354&#8243; img_size=\u00bbfull\u00bb alignment=\u00bbcenter\u00bb edgt_css_animation=\u00bb\u00bb][vc_separator type=\u00bbtransparent\u00bb up=\u00bb41&#8243; up_style=\u00bbpx\u00bb down=\u00bb0&#8243; down_style=\u00bbpx\u00bb][vc_column_text]<\/p>\n<h4>Alivie los s\u00edntomas de inmediato<\/h4>\n<p>[\/vc_column_text][vc_separator type=\u00bbtransparent\u00bb up=\u00bb17&#8243; up_style=\u00bbpx\u00bb down=\u00bb0&#8243; down_style=\u00bbpx\u00bb][vc_column_text]<span style=\"color: #00a651;\">Naturoplex<sup>\u00ae<\/sup><\/span>\u00a0es un producto completamente <strong>natural<\/strong> que <strong>impide<\/strong> el desarrollo con <strong>\u00e9xito<\/strong> de las infecciones del tracto urinario y <strong>ayuda<\/strong> al proceso de curaci\u00f3n.[\/vc_column_text][vc_separator type=\u00bbtransparent\u00bb up=\u00bb51&#8243; up_style=\u00bbpx\u00bb down=\u00bb0&#8243; down_style=\u00bbpx\u00bb][\/vc_column][vc_column width=\u00bb1\/3&#8243;][vc_single_image image=\u00bb6355&#8243; img_size=\u00bbfull\u00bb alignment=\u00bbcenter\u00bb edgt_css_animation=\u00bb\u00bb][vc_separator type=\u00bbtransparent\u00bb up=\u00bb41&#8243; up_style=\u00bbpx\u00bb down=\u00bb0&#8243; down_style=\u00bbpx\u00bb][vc_column_text]La calidad de vida es importante[\/vc_column_text][vc_separator type=\u00bbtransparent\u00bb up=\u00bb17&#8243; up_style=\u00bbpx\u00bb down=\u00bb0&#8243; down_style=\u00bbpx\u00bb][vc_column_text]<strong>Por m\u00e1s de 12 a\u00f1os<\/strong> <span style=\"color: #00a651;\">Naturoplex<sup>\u00ae<\/sup><\/span>\u00a0ha estado combatiendo las infecciones urianarias con el objetivo de mejorar la calidad de vida y la salud, sobre todo de las mujeres.[\/vc_column_text][vc_separator type=\u00bbtransparent\u00bb up=\u00bb51&#8243; up_style=\u00bbpx\u00bb down=\u00bb0&#8243; down_style=\u00bbpx\u00bb][\/vc_column][\/vc_row][vc_row row_type=\u00bbrow\u00bb use_row_as_full_screen_section=\u00bbno\u00bb type=\u00bbfull_width\u00bb text_align=\u00bbleft\u00bb background_color=\u00bb#ffffff\u00bb css_animation=\u00bb\u00bb box_shadow_on_row=\u00bbno\u00bb oblique_section=\u00bbno\u00bb oblique_section_top_and_bottom=\u00bbboth\u00bb oblique_section_position=\u00bbfrom_left_to_right\u00bb triangle_shape=\u00bbno\u00bb triangle_shape_position=\u00bbboth\u00bb][vc_column][vc_separator type=\u00bbtransparent\u00bb up=\u00bb0.9&#8243; up_style=\u00bb%\u00bb down=\u00bb0.9&#8243; down_style=\u00bb%\u00bb][\/vc_column][\/vc_row][vc_row row_type=\u00bbparallax\u00bb type=\u00bbgrid\u00bb text_align=\u00bbcenter\u00bb background_image=\u00bb6360&#8243; full_screen_section_height=\u00bbno\u00bb section_height=\u00bb409&#8243; oblique_section=\u00bbno\u00bb oblique_section_top_and_bottom=\u00bbboth\u00bb oblique_section_position=\u00bbfrom_left_to_right\u00bb triangle_shape=\u00bbno\u00bb triangle_shape_position=\u00bbboth\u00bb][vc_column][vc_separator type=\u00bbtransparent\u00bb up=\u00bb0&#8243; up_style=\u00bbpx\u00bb down=\u00bb94&#8243; down_style=\u00bbpx\u00bb][vc_row_inner row_type=\u00bbrow\u00bb type=\u00bbfull_width\u00bb use_row_as_full_screen_section_slide=\u00bbno\u00bb text_align=\u00bbcenter\u00bb padding_top=\u00bb29&#8243; padding_bottom=\u00bb15&#8243; css_animation=\u00bb\u00bb box_shadow_on_row=\u00bbno\u00bb][vc_column_inner width=\u00bb1\/12&#8243;][\/vc_column_inner][vc_column_inner width=\u00bb5\/6&#8243; css=\u00bb.vc_custom_1431438075218{padding-right: 5% !important;padding-left: 5% !important;background-color: rgba(255,255,255,0.95) !important;*background-color: rgb(255,255,255) !important;}\u00bb][vc_separator type=\u00bbtransparent\u00bb up=\u00bb0&#8243; up_style=\u00bbpx\u00bb down=\u00bb27&#8243; down_style=\u00bbpx\u00bb]<span class=\"edgt_icon_shade edgt_icon_shortcode font_elegant normal  \"  ><span aria-hidden=\"true\" class=\"edgt_icon_font_elegant icon_quotations \" style=\"font-size: 25px;color: #c33530;line-height:27px; \" data-hover-color=\"#666666\" ><\/span><\/span>[vc_separator type=\u00bbtransparent\u00bb up=\u00bb0&#8243; up_style=\u00bbpx\u00bb down=\u00bb8&#8243; down_style=\u00bbpx\u00bb]<div class='testimonials_holder clearfix'><div class=\"testimonials testimonials_carousel  with_arrows image_above\" data-show-navigation=\"no\" data-show-navigation-arrows=\"yes\" data-animation-speed=\"750\" data-auto-rotate-slides=\"0\"><ul class=\"slides\"><li id=\"testimonials6607\" class=\"testimonial_content center_align \"><div class=\"testimonial_content_inner\"><div class=\"testimonial_text_holder center_align\"><div class=\"testimonial_text_inner without_title\"><p class=\"testimonial_text\" style='padding-top:5px;padding-bottom:28px;'>Tuvo frecuentes infecciones en el tracto urinario despu\u00e9s de una fractura en la pierna. Pasado su tratamiento, se le diagnosticaron dos enormes piedras en la vejiga. Despu\u00e9s de haber sufrido inflamaci\u00f3n en la pr\u00f3stata que requiere tratamiento quir\u00fargico, sus cultivos de orina siempre fueron positivos. Despu\u00e9s de la ingesta de la preparaci\u00f3n Naturoplex\u00ae, las infecciones pararon y nunca emergieron de nuevo.<\/p><p class=\"testimonial_author\" style=\"\">- Hombre<\/p><\/div><\/div><\/div><\/li><li id=\"testimonials6611\" class=\"testimonial_content center_align \"><div class=\"testimonial_content_inner\"><div class=\"testimonial_text_holder center_align\"><div class=\"testimonial_text_inner without_title\"><p class=\"testimonial_text\" style='padding-top:5px;padding-bottom:28px;'>Ten\u00eda frecuentes infecciones en el tracto urinario, cada 2 a 3 meses. La causa m\u00e1s frecuente era Escherichia coli. Intent\u00f3 varias preparaciones herbarias, terapia con antibi\u00f3ticos, pero las infecciones resurg\u00edan cada dos o tres meses. Despu\u00e9s de la terapia con la preparaci\u00f3n Naturoplex\u00ae (hace dos a\u00f1os) no hubieron m\u00e1s infecciones.<\/p><p class=\"testimonial_author\" style=\"\">- Mujer<\/p><\/div><\/div><\/div><\/li><\/ul><\/div><\/div>[vc_separator type=\u00bbtransparent\u00bb up=\u00bb0&#8243; up_style=\u00bbpx\u00bb down=\u00bb19&#8243; down_style=\u00bbpx\u00bb][\/vc_column_inner][vc_column_inner width=\u00bb1\/12&#8243;][\/vc_column_inner][\/vc_row_inner][vc_separator type=\u00bbtransparent\u00bb up=\u00bb0&#8243; up_style=\u00bbpx\u00bb down=\u00bb97&#8243; down_style=\u00bbpx\u00bb][\/vc_column][\/vc_row][vc_row row_type=\u00bbrow\u00bb use_row_as_full_screen_section=\u00bbno\u00bb type=\u00bbfull_width\u00bb text_align=\u00bbleft\u00bb background_color=\u00bb#ffffff\u00bb css_animation=\u00bb\u00bb box_shadow_on_row=\u00bbno\u00bb oblique_section=\u00bbno\u00bb oblique_section_top_and_bottom=\u00bbboth\u00bb oblique_section_position=\u00bbfrom_left_to_right\u00bb triangle_shape=\u00bbno\u00bb triangle_shape_position=\u00bbboth\u00bb][vc_column][vc_separator type=\u00bbtransparent\u00bb up=\u00bb0.9&#8243; up_style=\u00bb%\u00bb down=\u00bb0.9&#8243; down_style=\u00bb%\u00bb][\/vc_column][\/vc_row][vc_row row_type=\u00bbrow\u00bb use_row_as_full_screen_section=\u00bbno\u00bb type=\u00bbgrid\u00bb text_align=\u00bbleft\u00bb padding_top=\u00bb116&#8243; padding_bottom=\u00bb77&#8243; css_animation=\u00bb\u00bb box_shadow_on_row=\u00bbno\u00bb oblique_section=\u00bbno\u00bb oblique_section_top_and_bottom=\u00bbboth\u00bb oblique_section_position=\u00bbfrom_left_to_right\u00bb triangle_shape=\u00bbno\u00bb triangle_shape_position=\u00bbboth\u00bb][vc_column][no_elements_holder number_of_columns=\u00bbtwo_columns\u00bb switch_to_one_column=\u00bb1000&#8243;][no_elements_holder_item item_padding=\u00bb0px 20px 0px 0px\u00bb aligment=\u00bbleft\u00bb vertical_alignment=\u00bbtop\u00bb item_padding_768_1000=\u00bb0px\u00bb item_padding_600_768=\u00bb0px\u00bb item_padding_480_600=\u00bb0px\u00bb item_padding_480=\u00bb0px\u00bb advanced_animations=\u00bbno\u00bb start_position=\u00bbbottom\u00bb end_position=\u00bbcenter\u00bb][vc_column_text]<\/p>\n<h4 style=\"text-align: left;\">Naturoplex tabletas y Naturoplex ar\u00e1ndano<\/h4>\n<p>[\/vc_column_text][vc_separator type=\u00bbtransparent\u00bb up=\u00bb19&#8243; up_style=\u00bbpx\u00bb down=\u00bb0&#8243; down_style=\u00bbpx\u00bb][vc_column_text]<\/p>\n<p style=\"text-align: left;\">Sabemos lo molestos\u00a0que sulen ser las infecciones del tractio urinario y entendemos la necesidad por resolverlas lo m\u00e1s r\u00e1pido posible. Por m\u00e1s de 12 a\u00f1os <span style=\"color: #008000;\">Naturoplex<\/span><sup><span style=\"color: #008000;\">\u00ae<\/span><\/sup>\u00a0ha estado combatiendo las infecciones urianarias.<\/p>\n<p style=\"text-align: left;\"><span style=\"color: #008000;\">Naturoplex<\/span><sup><span style=\"color: #008000;\">\u00ae<\/span>\u00a0<\/sup>es un producto completamente natural el cual se recomienda en caso de:\u00a0<span style=\"color: #f03231;\">inflamaci\u00f3n de la vejiga, inflamaci\u00f3n del ri\u00f1\u00f3n, infecciones del tracto urinario e inflamaci\u00f3n de la pr\u00f3stata.<\/span><\/p>\n<p>[\/vc_column_text][vc_separator type=\u00bbtransparent\u00bb up=\u00bb29&#8243; up_style=\u00bbpx\u00bb down=\u00bb0&#8243; down_style=\u00bbpx\u00bb][\/no_elements_holder_item][no_elements_holder_item item_padding=\u00bb0px 0px 0px 20px\u00bb aligment=\u00bbleft\u00bb vertical_alignment=\u00bbtop\u00bb item_padding_768_1000=\u00bb0px\u00bb item_padding_600_768=\u00bb0px\u00bb item_padding_480_600=\u00bb0px\u00bb item_padding_480=\u00bb0px\u00bb advanced_animations=\u00bbno\u00bb start_position=\u00bbbottom\u00bb end_position=\u00bbcenter\u00bb][vc_separator type=\u00bbtransparent\u00bb up=\u00bb35&#8243; up_style=\u00bbpx\u00bb down=\u00bb0&#8243; down_style=\u00bbpx\u00bb]<div class='edgt_progress_bar'><h4 class='progress_title_holder clearfix' style=''><span class='progress_title'>Natural<\/span><span class='progress_number_wrapper floating floating_outside'><span class='progress_number with_mark' style='background-color: #333333;border-radius: 3px;'><span class='percent'>0<\/span><span class='down_arrow' style=\"border-top-color:#333333;\"><\/span><\/span><\/span><\/h4><div class='progress_content_outer' style='height: 15px;border-radius: 0px;-moz-border-radius: 0px;-webkit-border-radius: 0px;background-color: #e8e8e8;'><div data-percentage='100' class='progress_content' style='height: 15px;background-color: #c5c5c5;border-color: #c5c5c5;'><\/div><\/div><\/div>[vc_separator type=\u00bbtransparent\u00bb up=\u00bb2&#8243; up_style=\u00bbpx\u00bb down=\u00bb0&#8243; down_style=\u00bbpx\u00bb]<div class='edgt_progress_bar'><h4 class='progress_title_holder clearfix' style=''><span class='progress_title'>Seguro<\/span><span class='progress_number_wrapper floating floating_outside'><span class='progress_number with_mark' style='background-color: #333333;border-radius: 3px;'><span class='percent'>0<\/span><span class='down_arrow' style=\"border-top-color:#333333;\"><\/span><\/span><\/span><\/h4><div class='progress_content_outer' style='height: 15px;border-radius: 0px;-moz-border-radius: 0px;-webkit-border-radius: 0px;background-color: #e8e8e8;'><div data-percentage='100' class='progress_content' style='height: 15px;background-color: #c5c5c5;border-color: #c5c5c5;'><\/div><\/div><\/div>[vc_separator type=\u00bbtransparent\u00bb up=\u00bb2&#8243; up_style=\u00bbpx\u00bb down=\u00bb0&#8243; down_style=\u00bbpx\u00bb]<div class='edgt_progress_bar'><h4 class='progress_title_holder clearfix' style=''><span class='progress_title'>a\u00f1os en el mercado<\/span><span class='progress_number_wrapper floating floating_outside'><span class='progress_number without_mark' style='background-color: #333333;border-radius: 3px;'><span class='percent'>0<\/span><span class='down_arrow' style=\"border-top-color:#333333;\"><\/span><\/span><\/span><\/h4><div class='progress_content_outer' style='height: 15px;border-radius: 0px;-moz-border-radius: 0px;-webkit-border-radius: 0px;background-color: #e8e8e8;'><div data-percentage='12' class='progress_content' style='height: 15px;background-color: #c5c5c5;border-color: #c5c5c5;'><\/div><\/div><\/div>[vc_separator type=\u00bbtransparent\u00bb up=\u00bb29&#8243; up_style=\u00bbpx\u00bb down=\u00bb0&#8243; down_style=\u00bbpx\u00bb][\/no_elements_holder_item][\/no_elements_holder][\/vc_column][\/vc_row][vc_row row_type=\u00bbrow\u00bb use_row_as_full_screen_section=\u00bbno\u00bb type=\u00bbfull_width\u00bb text_align=\u00bbleft\u00bb background_color=\u00bb#ffffff\u00bb css_animation=\u00bb\u00bb box_shadow_on_row=\u00bbno\u00bb oblique_section=\u00bbno\u00bb oblique_section_top_and_bottom=\u00bbboth\u00bb oblique_section_position=\u00bbfrom_left_to_right\u00bb triangle_shape=\u00bbno\u00bb triangle_shape_position=\u00bbboth\u00bb][vc_column][vc_separator type=\u00bbtransparent\u00bb up=\u00bb0.9&#8243; up_style=\u00bb%\u00bb down=\u00bb0.9&#8243; down_style=\u00bb%\u00bb][\/vc_column][\/vc_row][vc_row row_type=\u00bbrow\u00bb use_row_as_full_screen_section=\u00bbno\u00bb type=\u00bbgrid\u00bb text_align=\u00bbleft\u00bb padding_top=\u00bb67&#8243; padding_bottom=\u00bb102&#8243; css_animation=\u00bb\u00bb box_shadow_on_row=\u00bbno\u00bb oblique_section=\u00bbno\u00bb oblique_section_top_and_bottom=\u00bbboth\u00bb oblique_section_position=\u00bbfrom_left_to_right\u00bb triangle_shape=\u00bbno\u00bb triangle_shape_position=\u00bbboth\u00bb][vc_column][vc_column_text]<\/p>\n<h5 style=\"text-align: center;\">Noticias recienetes sobre las infecciones urinarias<\/h5>\n<p>[\/vc_column_text][vc_separator type=\u00bbtransparent\u00bb up=\u00bb13&#8243; up_style=\u00bbpx\u00bb down=\u00bb0&#8243; down_style=\u00bbpx\u00bb][vc_column_text]<\/p>\n<h2 style=\"text-align: center;\">Infecciones urinarias<\/h2>\n<p>[\/vc_column_text][vc_separator type=\u00bbtransparent\u00bb up=\u00bb43&#8243; up_style=\u00bbpx\u00bb down=\u00bb0&#8243; down_style=\u00bbpx\u00bb]<div class=\"latest_post_holder  masonry \"><ul class='post_list'><li class=\"blog-list-masonry-grid-sizer\"><\/li><li class=\"blog-list-masonry-grid-sizer-gutter\"><\/li><\/ul><\/div>[\/vc_column][\/vc_row]<\/p>\n","protected":false},"excerpt":{"rendered":"<p>[vc_row row_type=\u00bbrow\u00bb use_row_as_full_screen_section=\u00bbno\u00bb type=\u00bbgrid\u00bb text_align=\u00bbcenter\u00bb padding_top=\u00bb43&#8243; padding_bottom=\u00bb65&#8243; css_animation=\u00bb\u00bb box_shadow_on_row=\u00bbno\u00bb oblique_section=\u00bbno\u00bb oblique_section_top_and_bottom=\u00bbboth\u00bb oblique_section_position=\u00bbfrom_left_to_right\u00bb triangle_shape=\u00bbno\u00bb triangle_shape_position=\u00bbboth\u00bb][vc_column offset=\u00bbvc_col-lg-offset-1 vc_col-lg-10&#8243;][vc_column_text] Naturoplex, 12 a\u00f1os de \u00e9xito [\/vc_column_text][vc_separator type=\u00bbtransparent\u00bb up=\u00bb13&#8243; up_style=\u00bbpx\u00bb down=\u00bb0&#8243; down_style=\u00bbpx\u00bb][vc_column_text] contra todas las infecciones del tracto urinario [\/vc_column_text][vc_separator type=\u00bbtransparent\u00bb up=\u00bb10&#8243; up_style=\u00bbpx\u00bb down=\u00bb0&#8243; down_style=\u00bbpx\u00bb][vc_column_text] \u00a1Una de cada dos mujeres&#8230;<\/p>\n","protected":false},"author":1,"featured_media":0,"parent":0,"menu_order":0,"comment_status":"open","ping_status":"open","template":"full_width.php","meta":[],"aioseo_notices":[],"_links":{"self":[{"href":"https:\/\/novi.naturoplex.com\/es\/wp-json\/wp\/v2\/pages\/6549"}],"collection":[{"href":"https:\/\/novi.naturoplex.com\/es\/wp-json\/wp\/v2\/pages"}],"about":[{"href":"https:\/\/novi.naturoplex.com\/es\/wp-json\/wp\/v2\/types\/page"}],"author":[{"embeddable":true,"href":"https:\/\/novi.naturoplex.com\/es\/wp-json\/wp\/v2\/users\/1"}],"replies":[{"embeddable":true,"href":"https:\/\/novi.naturoplex.com\/es\/wp-json\/wp\/v2\/comments?post=6549"}],"version-history":[{"count":5,"href":"https:\/\/novi.naturoplex.com\/es\/wp-json\/wp\/v2\/pages\/6549\/revisions"}],"predecessor-version":[{"id":6560,"href":"https:\/\/novi.naturoplex.com\/es\/wp-json\/wp\/v2\/pages\/6549\/revisions\/6560"}],"wp:attachment":[{"href":"https:\/\/novi.naturoplex.com\/es\/wp-json\/wp\/v2\/media?parent=6549"}],"curies":[{"name":"wp","href":"https:\/\/api.w.org\/{rel}","templated":true}]}}